{"id":2161,"date":"2021-01-27T09:31:55","date_gmt":"2021-01-27T09:31:55","guid":{"rendered":"https:\/\/www.metalurgicamarina.com\/?page_id=2161"},"modified":"2025-07-03T06:03:15","modified_gmt":"2025-07-03T06:03:15","slug":"metalurgica-marina-3","status":"publish","type":"page","link":"https:\/\/www.metalurgicamarina.com\/?page_id=2161","title":{"rendered":"Metal\u00fargica Marina"},"content":{"rendered":"<p>[vc_row full_width=\u00bbstretch_row\u00bb css=\u00bb.vc_custom_1651751383953{padding-top: 180px !important;padding-bottom: 70px !important;background-image: url(https:\/\/www.metalurgicamarina.com\/wp-content\/uploads\/2022\/05\/POST-2-Foto-Grupo-Marina-oscurecida2-2.jpg?id=4271) !important;background-position: center !important;background-repeat: no-repeat !important;background-size: cover !important;}\u00bb el_class=\u00bbnuevacabecera\u00bb][vc_column][vc_column_text css=\u00bb.vc_custom_1651750252996{margin-top: 120px !important;margin-bottom: 35px !important;}\u00bb]<\/p>\n<h1 style=\"color: #ffffff; text-align: center; font-size: 43px;\">Metal\u00fargica<span style=\"color: #ffffff; font-style: oblique;\"> Marina<\/span><\/h1>\n<p>[\/vc_column_text][vc_separator color=\u00bbcustom\u00bb border_width=\u00bb5&#8243; el_width=\u00bb10&#8243; css_animation=\u00bbfadeInUp\u00bb accent_color=\u00bb#ffffff\u00bb css=\u00bb.vc_custom_1611739703938{margin-top: 25px !important;margin-bottom: 150px !important;}\u00bb][\/vc_column][\/vc_row][vc_row full_width=\u00bbstretch_row\u00bb css=\u00bb.vc_custom_1612260033257{margin-bottom: -70px !important;padding-bottom: 0px !important;}\u00bb el_class=\u00bbnuevacurva\u00bb][vc_column css=\u00bb.vc_custom_1611739774604{margin-top: 120px !important;}\u00bb][vc_column_text css_animation=\u00bbfadeInLeft\u00bb css=\u00bb.vc_custom_1611740136978{margin-top: 100px !important;margin-bottom: 0px !important;margin-left: 0px !important;border-left-width: 6px !important;padding-left: 28px !important;border-left-color: #b13230 !important;border-left-style: solid !important;}\u00bb]<\/p>\n<h2 style=\"color: #000;\">Qui\u00e9nes <span style=\"color: #b13230; font-style: oblique; font-weight: 400;\">somos<\/span><\/h2>\n<p>[\/vc_column_text][vc_row_inner][vc_column_inner el_class=\u00bbquienes_somos\u00bb width=\u00bb1\/2&#8243; css=\u00bb.vc_custom_1611740098762{margin-top: 0px !important;margin-bottom: 0px !important;}\u00bb][vc_column_text]Somos una empresa fundada en un entorno familiar. Nacimos en 1950 y permanecemos en Erandio (Bizkaia), junto a la r\u00eda de Bilbao.<\/p>\n<p>Nuestro negocio principal es la construcci\u00f3n de maquinaria especial, adem\u00e1s de la diversificaci\u00f3n que tanto nos caracteriza, abordando proyectos de ingenier\u00eda en todos los sectores.<\/p>\n<p>Desde nuestros inicios, nos hemos esforzado diariamente en prestar un servicio de calidad. Gracias a la continua regeneraci\u00f3n de nuestras capacidades, hemos obtenido numerosos reconocimientos y homologaciones por parte de empresas y Centros Tecnol\u00f3gicos.<\/p>\n<p>Tenemos como estrategia la mejora continua, caracterizada por la inversi\u00f3n de gran parte de nuestros recursos en la investigaci\u00f3n y desarrollo de nuevas t\u00e9cnicas, que nos posicionen en el mercado como l\u00edderes del sector.[\/vc_column_text][\/vc_column_inner][vc_column_inner width=\u00bb1\/2&#8243; css=\u00bb.vc_custom_1611739990447{margin-left: 30px !important;}\u00bb][vc_single_image image=\u00bb438&#8243; img_size=\u00bblarge\u00bb alignment=\u00bbright\u00bb][\/vc_column_inner][\/vc_row_inner][\/vc_column][\/vc_row][vc_row full_width=\u00bbstretch_row\u00bb css=\u00bb.vc_custom_1613479130410{padding-bottom: 20px !important;}\u00bb][vc_column width=\u00bb1\/3&#8243;][vc_single_image image=\u00bb340&#8243; img_size=\u00bblarge\u00bb alignment=\u00bbcenter\u00bb][vc_column_text]<\/p>\n<p style=\"text-align: center;\"><strong>80 trabajadores<\/strong><\/p>\n<p>[\/vc_column_text][\/vc_column][vc_column width=\u00bb1\/3&#8243;][vc_single_image image=\u00bb342&#8243; img_size=\u00bblarge\u00bb alignment=\u00bbcenter\u00bb][vc_column_text]<\/p>\n<p style=\"text-align: center;\"><strong>4 pabellones<\/strong><\/p>\n<p>[\/vc_column_text][\/vc_column][vc_column width=\u00bb1\/3&#8243;][vc_single_image image=\u00bb341&#8243; img_size=\u00bblarge\u00bb alignment=\u00bbcenter\u00bb][vc_column_text]<\/p>\n<p style=\"text-align: center;\"><strong>6.000 m<sup>2<\/sup><\/strong><\/p>\n<p>[\/vc_column_text][\/vc_column][\/vc_row][vc_row full_width=\u00bbstretch_row_content_no_spaces\u00bb disable_element=\u00bbyes\u00bb el_class=\u00bbblanco_ovalado\u00bb css=\u00bb.vc_custom_1613477764624{margin-bottom: -85px !important;padding-right: 0px !important;padding-left: 0px !important;background-image: url(https:\/\/www.metalurgicamarina.com\/wp-content\/uploads\/2020\/02\/ovalado_superior.png?id=302) !important;background-position: center !important;background-repeat: no-repeat !important;background-size: cover !important;}\u00bb][vc_column][\/vc_column][\/vc_row][vc_row full_width=\u00bbstretch_row\u00bb el_class=\u00bbiconillos_home iconillos_metalurgica\u00bb css=\u00bb.vc_custom_1613479848403{margin-top: 0px !important;margin-bottom: 50px !important;}\u00bb][vc_column][vc_single_image image=\u00bb3480&#8243; img_size=\u00bbmedium\u00bb alignment=\u00bbcenter\u00bb css=\u00bb.vc_custom_1651750320892{margin-top: 80px !important;}\u00bb][vc_row_inner css=\u00bb.vc_custom_1613479673959{margin-top: 35px !important;}\u00bb][vc_column_inner width=\u00bb1\/3&#8243;][vc_single_image image=\u00bb1021&#8243; img_size=\u00bblarge\u00bb alignment=\u00bbcenter\u00bb][\/vc_column_inner][vc_column_inner width=\u00bb1\/3&#8243;][vc_single_image image=\u00bb3482&#8243; img_size=\u00bbfull\u00bb alignment=\u00bbcenter\u00bb css=\u00bb.vc_custom_1613479141489{margin-top: 20px !important;}\u00bb][\/vc_column_inner][vc_column_inner width=\u00bb1\/3&#8243;][vc_single_image image=\u00bb381&#8243; img_size=\u00bbfull\u00bb alignment=\u00bbcenter\u00bb css=\u00bb.vc_custom_1613479150622{margin-top: 40px !important;}\u00bb][\/vc_column_inner][\/vc_row_inner][\/vc_column][\/vc_row][vc_row full_width=\u00bbstretch_row_content_no_spaces\u00bb disable_element=\u00bbyes\u00bb el_class=\u00bbblanco_ovalado\u00bb css=\u00bb.vc_custom_1613477770974{margin-top: -85px !important;margin-bottom: 0px !important;padding-right: 0px !important;padding-left: 0px !important;background-image: url(https:\/\/www.metalurgicamarina.com\/wp-content\/uploads\/2020\/02\/ovalado_inferior.png?id=297) !important;background-position: center !important;background-repeat: no-repeat !important;background-size: cover !important;}\u00bb][vc_column][\/vc_column][\/vc_row][vc_row el_class=\u00bbbloque_valores\u00bb css=\u00bb.vc_custom_1582706809221{margin-top: 30px !important;margin-bottom: 100px !important;}\u00bb][vc_column][vc_column_text]<\/p>\n<h2 style=\"text-align: center;\">Valores de la compa\u00f1\u00eda<\/h2>\n<p>[\/vc_column_text][vc_row_inner][vc_column_inner width=\u00bb1\/2&#8243; css=\u00bb.vc_custom_1582706458874{padding-right: 40px !important;}\u00bb][vc_column_text]<\/p>\n<h3>Misi\u00f3n<\/h3>\n<p><strong>Metal\u00fargica Marina<\/strong> es una empresa experimentada, orientada al servicio al cliente, que da soluciones a problemas de diferente \u00edndole, con tecnolog\u00edas combinadas.[\/vc_column_text][\/vc_column_inner][vc_column_inner width=\u00bb1\/2&#8243; css=\u00bb.vc_custom_1582706463945{padding-left: 40px !important;}\u00bb][vc_column_text]<\/p>\n<h3>Visi\u00f3n<\/h3>\n<p><strong>Metal\u00fargica Marina<\/strong> aspira a afianzarse como referente en el entorno del Pa\u00eds Vasco y su zona de influencia en las soluciones de construcci\u00f3n de maquinaria especial, utillajes y conjuntos; manteniendo y potenciando el enfoque de servicio al cliente.[\/vc_column_text][\/vc_column_inner][vc_column_inner][vc_column_text]<\/p>\n<p style=\"text-align: center;\">Nuestra <strong>Pol\u00edtica de Gesti\u00f3n<\/strong> est\u00e1 disponible bajo petici\u00f3n.<\/p>\n<p>[\/vc_column_text][\/vc_column_inner][\/vc_row_inner][\/vc_column][\/vc_row][vc_row full_width=\u00bbstretch_row\u00bb css=\u00bb.vc_custom_1582706882635{background-color: #ededed !important;}\u00bb el_class=\u00bbbloque_certificados\u00bb][vc_column][vc_column_text]<\/p>\n<h3 style=\"text-align: center;\">Certificados<\/h3>\n<p>[\/vc_column_text][vc_row_inner][vc_column_inner width=\u00bb1\/3&#8243; css=\u00bb.vc_custom_1617025617817{margin-left: 40px !important;}\u00bb][vc_single_image image=\u00bb4448&#8243; img_size=\u00bb160&#215;210&#8243; alignment=\u00bbcenter\u00bb onclick=\u00bbcustom_link\u00bb img_link_target=\u00bb_blank\u00bb link=\u00bbhttps:\/\/www.metalurgicamarina.com\/wp-content\/uploads\/2025\/07\/CERTIFICADO.pdf\u00bb][\/vc_column_inner][vc_column_inner width=\u00bb2\/3&#8243;][vc_column_text css=\u00bb.vc_custom_1751522531188{margin-top: 35px !important;}\u00bb]<\/p>\n<p style=\"color: #000; font-size: 16px; line-height: 1.3em; font-weight: 300; margin-bottom: 10px;\">Metal\u00fargica Marina cuenta con el certificado de <strong>calidad ISO 9001:2015 <\/strong>para las actividades de: Ingenier\u00eda, mecanizado de piezas, torneado, fresado, mandrinado y rectificado. Trabajos de calderer\u00eda pesada, media y fina.<\/p>\n<p>[\/vc_column_text][\/vc_column_inner][\/vc_row_inner][\/vc_column][\/vc_row][vc_row el_class=\u00bbbloque_valores\u00bb css=\u00bb.vc_custom_1582706781429{margin-top: 30px !important;margin-bottom: 100px !important;}\u00bb][vc_column][vc_column_text]<\/p>\n<h2 style=\"text-align: center;\">Colaboraciones<\/h2>\n<p>[\/vc_column_text][vc_row_inner gap=\u00bb10&#8243; css=\u00bb.vc_custom_1612437295197{margin-bottom: 0px !important;border-bottom-width: 0px !important;padding-bottom: 0px !important;}\u00bb][vc_column_inner width=\u00bb1\/3&#8243; css=\u00bb.vc_custom_1582706458874{padding-right: 40px !important;}\u00bb][vc_single_image image=\u00bb475&#8243; img_size=\u00bblarge\u00bb alignment=\u00bbcenter\u00bb][vc_column_text]CFAA (Centro de Fabricaci\u00f3n Avanzada Aeron\u00e1utica)[\/vc_column_text][\/vc_column_inner][vc_column_inner width=\u00bb1\/3&#8243;][vc_single_image image=\u00bb474&#8243; img_size=\u00bblarge\u00bb alignment=\u00bbcenter\u00bb][vc_column_text]HEGAN[\/vc_column_text][\/vc_column_inner][vc_column_inner width=\u00bb1\/3&#8243; css=\u00bb.vc_custom_1612268120105{padding-left: 40px !important;}\u00bb][vc_single_image image=\u00bb2678&#8243; img_size=\u00bblarge\u00bb alignment=\u00bbcenter\u00bb css=\u00bb.vc_custom_1612437345879{margin-bottom: 20px !important;}\u00bb][vc_column_text css=\u00bb.vc_custom_1612437415412{margin-top: 60px !important;}\u00bb]AFM: Asociaci\u00f3n de Fabricantes de M\u00e1quinas-herramientas[\/vc_column_text][\/vc_column_inner][\/vc_row_inner][\/vc_column][\/vc_row]<\/p>\n","protected":false},"excerpt":{"rendered":"<p>[vc_row full_width=\u00bbstretch_row\u00bb css=\u00bb.vc_custom_1651751383953{padding-top: 180px !important;padding-bottom: 70px !important;background-image: url(https:\/\/www.metalurgicamarina.com\/wp-content\/uploads\/2022\/05\/POST-2-Foto-Grupo-Marina-oscurecida2-2.jpg?id=4271) !important;background-position: center !important;background-repeat: no-repeat !important;background-size: cover !important;}\u00bb el_class=\u00bbnuevacabecera\u00bb][vc_column][vc_column_text css=\u00bb.vc_custom_1651750252996{margin-top: 120px !important;margin-bottom: 35px !important;}\u00bb] Metal\u00fargica Marina [\/vc_column_text][vc_separator color=\u00bbcustom\u00bb border_width=\u00bb5&#8243; el_width=\u00bb10&#8243; css_animation=\u00bbfadeInUp\u00bb accent_color=\u00bb#ffffff\u00bb css=\u00bb.vc_custom_1611739703938{margin-top: 25px !important;margin-bottom: 150px !important;}\u00bb][\/vc_column][\/vc_row][vc_row full_width=\u00bbstretch_row\u00bb css=\u00bb.vc_custom_1612260033257{margin-bottom: -70px !important;padding-bottom: 0px !important;}\u00bb el_class=\u00bbnuevacurva\u00bb][vc_column css=\u00bb.vc_custom_1611739774604{margin-top: 120px !important;}\u00bb][vc_column_text css_animation=\u00bbfadeInLeft\u00bb css=\u00bb.vc_custom_1611740136978{margin-top: 100px !important;margin-bottom: 0px !important;margin-left: 0px !important;border-left-width: 6px !important;padding-left: 28px [&hellip;]<\/p>\n","protected":false},"author":2,"featured_media":0,"parent":0,"menu_order":0,"comment_status":"closed","ping_status":"closed","template":"page_home.php","meta":{"footnotes":""},"class_list":["post-2161","page","type-page","status-publish","hentry"],"yoast_head":"<!-- This site is optimized with the Yoast SEO plugin v24.9 - https:\/\/yoast.com\/wordpress\/plugins\/seo\/ -->\n<title>Metal\u00fargica Marina | Desarrollo de proyectos industriales<\/title>\n<meta name=\"description\" content=\"Contamos con m\u00e1s de 70 a\u00f1os de experiencia en el desarrollo de proyectos industriales llave en mano. Dise\u00f1amos proyectos de ingenier\u00eda.\" \/>\n<meta name=\"robots\" content=\"index, follow, max-snippet:-1, max-image-preview:large, max-video-preview:-1\" \/>\n<link rel=\"canonical\" href=\"https:\/\/www.metalurgicamarina.com\/?page_id=2161\" \/>\n<meta property=\"og:locale\" content=\"es_ES\" \/>\n<meta property=\"og:type\" content=\"article\" \/>\n<meta property=\"og:title\" content=\"Metal\u00fargica Marina | Desarrollo de proyectos industriales\" \/>\n<meta property=\"og:description\" content=\"Contamos con m\u00e1s de 70 a\u00f1os de experiencia en el desarrollo de proyectos industriales llave en mano. Dise\u00f1amos proyectos de ingenier\u00eda.\" \/>\n<meta property=\"og:url\" content=\"https:\/\/www.metalurgicamarina.com\/?page_id=2161\" \/>\n<meta property=\"og:site_name\" content=\"Metal\u00fargica MARINA\" \/>\n<meta property=\"article:publisher\" content=\"https:\/\/www.facebook.com\/pages\/Metalurgica%20Marina\/459882470886781\/\" \/>\n<meta property=\"article:modified_time\" content=\"2025-07-03T06:03:15+00:00\" \/>\n<meta name=\"twitter:card\" content=\"summary_large_image\" \/>\n<meta name=\"twitter:label1\" content=\"Tiempo de lectura\" \/>\n\t<meta name=\"twitter:data1\" content=\"5 minutos\" \/>\n<script type=\"application\/ld+json\" class=\"yoast-schema-graph\">{\"@context\":\"https:\/\/schema.org\",\"@graph\":[{\"@type\":\"WebPage\",\"@id\":\"https:\/\/www.metalurgicamarina.com\/?page_id=2161\",\"url\":\"https:\/\/www.metalurgicamarina.com\/?page_id=2161\",\"name\":\"Metal\u00fargica Marina | Desarrollo de proyectos industriales\",\"isPartOf\":{\"@id\":\"https:\/\/www.metalurgicamarina.com\/#website\"},\"datePublished\":\"2021-01-27T09:31:55+00:00\",\"dateModified\":\"2025-07-03T06:03:15+00:00\",\"description\":\"Contamos con m\u00e1s de 70 a\u00f1os de experiencia en el desarrollo de proyectos industriales llave en mano. Dise\u00f1amos proyectos de ingenier\u00eda.\",\"breadcrumb\":{\"@id\":\"https:\/\/www.metalurgicamarina.com\/?page_id=2161#breadcrumb\"},\"inLanguage\":\"es\",\"potentialAction\":[{\"@type\":\"ReadAction\",\"target\":[\"https:\/\/www.metalurgicamarina.com\/?page_id=2161\"]}]},{\"@type\":\"BreadcrumbList\",\"@id\":\"https:\/\/www.metalurgicamarina.com\/?page_id=2161#breadcrumb\",\"itemListElement\":[{\"@type\":\"ListItem\",\"position\":1,\"name\":\"Portada\",\"item\":\"https:\/\/www.metalurgicamarina.com\/\"},{\"@type\":\"ListItem\",\"position\":2,\"name\":\"Metal\u00fargica Marina\"}]},{\"@type\":\"WebSite\",\"@id\":\"https:\/\/www.metalurgicamarina.com\/#website\",\"url\":\"https:\/\/www.metalurgicamarina.com\/\",\"name\":\"Metal\u00fargica MARINA\",\"description\":\"Desarrollo de proyectos integrales\",\"potentialAction\":[{\"@type\":\"SearchAction\",\"target\":{\"@type\":\"EntryPoint\",\"urlTemplate\":\"https:\/\/www.metalurgicamarina.com\/?s={search_term_string}\"},\"query-input\":{\"@type\":\"PropertyValueSpecification\",\"valueRequired\":true,\"valueName\":\"search_term_string\"}}],\"inLanguage\":\"es\"}]}<\/script>\n<!-- \/ Yoast SEO plugin. -->","yoast_head_json":{"title":"Metal\u00fargica Marina | Desarrollo de proyectos industriales","description":"Contamos con m\u00e1s de 70 a\u00f1os de experiencia en el desarrollo de proyectos industriales llave en mano. Dise\u00f1amos proyectos de ingenier\u00eda.","robots":{"index":"index","follow":"follow","max-snippet":"max-snippet:-1","max-image-preview":"max-image-preview:large","max-video-preview":"max-video-preview:-1"},"canonical":"https:\/\/www.metalurgicamarina.com\/?page_id=2161","og_locale":"es_ES","og_type":"article","og_title":"Metal\u00fargica Marina | Desarrollo de proyectos industriales","og_description":"Contamos con m\u00e1s de 70 a\u00f1os de experiencia en el desarrollo de proyectos industriales llave en mano. Dise\u00f1amos proyectos de ingenier\u00eda.","og_url":"https:\/\/www.metalurgicamarina.com\/?page_id=2161","og_site_name":"Metal\u00fargica MARINA","article_publisher":"https:\/\/www.facebook.com\/pages\/Metalurgica%20Marina\/459882470886781\/","article_modified_time":"2025-07-03T06:03:15+00:00","twitter_card":"summary_large_image","twitter_misc":{"Tiempo de lectura":"5 minutos"},"schema":{"@context":"https:\/\/schema.org","@graph":[{"@type":"WebPage","@id":"https:\/\/www.metalurgicamarina.com\/?page_id=2161","url":"https:\/\/www.metalurgicamarina.com\/?page_id=2161","name":"Metal\u00fargica Marina | Desarrollo de proyectos industriales","isPartOf":{"@id":"https:\/\/www.metalurgicamarina.com\/#website"},"datePublished":"2021-01-27T09:31:55+00:00","dateModified":"2025-07-03T06:03:15+00:00","description":"Contamos con m\u00e1s de 70 a\u00f1os de experiencia en el desarrollo de proyectos industriales llave en mano. Dise\u00f1amos proyectos de ingenier\u00eda.","breadcrumb":{"@id":"https:\/\/www.metalurgicamarina.com\/?page_id=2161#breadcrumb"},"inLanguage":"es","potentialAction":[{"@type":"ReadAction","target":["https:\/\/www.metalurgicamarina.com\/?page_id=2161"]}]},{"@type":"BreadcrumbList","@id":"https:\/\/www.metalurgicamarina.com\/?page_id=2161#breadcrumb","itemListElement":[{"@type":"ListItem","position":1,"name":"Portada","item":"https:\/\/www.metalurgicamarina.com\/"},{"@type":"ListItem","position":2,"name":"Metal\u00fargica Marina"}]},{"@type":"WebSite","@id":"https:\/\/www.metalurgicamarina.com\/#website","url":"https:\/\/www.metalurgicamarina.com\/","name":"Metal\u00fargica MARINA","description":"Desarrollo de proyectos integrales","potentialAction":[{"@type":"SearchAction","target":{"@type":"EntryPoint","urlTemplate":"https:\/\/www.metalurgicamarina.com\/?s={search_term_string}"},"query-input":{"@type":"PropertyValueSpecification","valueRequired":true,"valueName":"search_term_string"}}],"inLanguage":"es"}]}},"_links":{"self":[{"href":"https:\/\/www.metalurgicamarina.com\/index.php?rest_route=\/wp\/v2\/pages\/2161","targetHints":{"allow":["GET"]}}],"collection":[{"href":"https:\/\/www.metalurgicamarina.com\/index.php?rest_route=\/wp\/v2\/pages"}],"about":[{"href":"https:\/\/www.metalurgicamarina.com\/index.php?rest_route=\/wp\/v2\/types\/page"}],"author":[{"embeddable":true,"href":"https:\/\/www.metalurgicamarina.com\/index.php?rest_route=\/wp\/v2\/users\/2"}],"replies":[{"embeddable":true,"href":"https:\/\/www.metalurgicamarina.com\/index.php?rest_route=%2Fwp%2Fv2%2Fcomments&post=2161"}],"version-history":[{"count":82,"href":"https:\/\/www.metalurgicamarina.com\/index.php?rest_route=\/wp\/v2\/pages\/2161\/revisions"}],"predecessor-version":[{"id":4449,"href":"https:\/\/www.metalurgicamarina.com\/index.php?rest_route=\/wp\/v2\/pages\/2161\/revisions\/4449"}],"wp:attachment":[{"href":"https:\/\/www.metalurgicamarina.com\/index.php?rest_route=%2Fwp%2Fv2%2Fmedia&parent=2161"}],"curies":[{"name":"wp","href":"https:\/\/api.w.org\/{rel}","templated":true}]}}