{"id":2924,"date":"2021-02-08T10:13:04","date_gmt":"2021-02-08T10:13:04","guid":{"rendered":"https:\/\/www.metalurgicamarina.com\/?page_id=2924"},"modified":"2021-04-07T14:12:05","modified_gmt":"2021-04-07T14:12:05","slug":"servicios","status":"publish","type":"page","link":"https:\/\/www.metalurgicamarina.com\/?page_id=2924","title":{"rendered":"Servicios"},"content":{"rendered":"<p>[vc_row full_width=\u00bbstretch_row\u00bb css=\u00bb.vc_custom_1613032740813{padding-top: 180px !important;padding-bottom: 70px !important;background-image: url(https:\/\/www.metalurgicamarina.com\/wp-content\/uploads\/2021\/02\/servicios-industriales_65-90.jpg?id=3122) !important;background-position: center !important;background-repeat: no-repeat !important;background-size: cover !important;}\u00bb el_class=\u00bbnuevacabecera\u00bb][vc_column][vc_column_text css=\u00bb.vc_custom_1612959312378{margin-top: 120px !important;margin-bottom: 35px !important;}\u00bb]<\/p>\n<h1 style=\"color: #ffffff; text-align: center; font-size: 43px;\">Servicios y <span style=\"color: #b13230; font-style: oblique;\">\u00e1reas de actividad<\/span><\/h1>\n<p>[\/vc_column_text][vc_separator color=\u00bbcustom\u00bb border_width=\u00bb5&#8243; el_width=\u00bb10&#8243; css_animation=\u00bbfadeInUp\u00bb accent_color=\u00bb#ffffff\u00bb css=\u00bb.vc_custom_1612779961646{margin-top: 25px !important;margin-bottom: 150px !important;}\u00bb][\/vc_column][\/vc_row][vc_row full_width=\u00bbstretch_row\u00bb css=\u00bb.vc_custom_1612785122178{margin-bottom: 50px !important;padding-bottom: 115px !important;}\u00bb el_id=\u00bbcurvaroja\u00bb][vc_column css=\u00bb.vc_custom_1612780726665{margin-top: 120px !important;}\u00bb][vc_column_text css=\u00bb.vc_custom_1612786025463{margin-top: 100px !important;}\u00bb]<\/p>\n<h2 style=\"color: #fff; text-align: center;\">Oficina <span style=\"color: #fff; font-style: oblique; font-weight: 400;\">t\u00e9cnica<\/span><\/h2>\n<p>[\/vc_column_text][\/vc_column][\/vc_row][vc_row full_width=\u00bbstretch_row\u00bb gap=\u00bb20&#8243; css=\u00bb.vc_custom_1612791145552{margin-top: -105px !important;margin-bottom: 20px !important;background-color: rgba(0,0,0,0.01) !important;*background-color: rgb(0,0,0) !important;}\u00bb el_id=\u00bbcajasservicios\u00bb][vc_column css_animation=\u00bbfadeInUp\u00bb width=\u00bb1\/3&#8243; el_class=\u00bbesconder\u00bb css=\u00bb.vc_custom_1613033314163{margin-bottom: 0px !important;border-top-width: 20px !important;border-right-width: 20px !important;border-bottom-width: 20px !important;border-left-width: 20px !important;padding-top: 0px !important;padding-right: 0px !important;padding-bottom: 0px !important;padding-left: 0px !important;background-color: #b13230 !important;border-left-color: #b13230 !important;border-left-style: solid !important;border-right-color: #b13230 !important;border-right-style: solid !important;border-top-color: #b13230 !important;border-top-style: solid !important;border-bottom-color: #b13230 !important;border-bottom-style: solid !important;}\u00bb][vc_single_image image=\u00bb2949&#8243; img_size=\u00bbfull\u00bb alignment=\u00bbcenter\u00bb el_class=\u00bbzoom\u00bb css=\u00bb.vc_custom_1612783652880{margin-bottom: 0px !important;}\u00bb][vc_column_text css=\u00bb.vc_custom_1615465754887{margin-top: 0px !important;margin-bottom: 0px !important;margin-left: 0px !important;padding-top: 35px !important;padding-bottom: -15px !important;padding-left: 40px !important;background-color: #b13230 !important;}\u00bb el_class=\u00bblandingservicios\u00bb]<\/p>\n<div style=\"height: 50px;\">\n<p style=\"color: #ffffff; font-size: 22px; display: inline; text-align: center;\"><a href=\"https:\/\/www.metalurgicamarina.com\/ingenieria-de-proyectos\/\"><strong>Ingenier\u00eda de proyectos<\/strong><\/a><\/p>\n<\/div>\n<p>[\/vc_column_text][vc_column_text css=\u00bb.vc_custom_1615465776231{margin-top: 0px !important;margin-bottom: -10px !important;padding-top: -10px !important;padding-bottom: 10px !important;}\u00bb]<\/p>\n<p style=\"color: #ffffff; line-height: 1.4em;\">Calculamos y desarrollamos proyectos para todo tipo de sectores: <strong>electro-mecanismos, automatismos, hornos industriales, l\u00edneas de fabricaci\u00f3n, laboratorios hidr\u00e1ulicos<\/strong>, etc. Realizamos reparaciones y reconstrucciones de todo tipo de conjuntos industriales.<\/p>\n<p>[\/vc_column_text][\/vc_column][vc_column css_animation=\u00bbfadeInUp\u00bb width=\u00bb1\/3&#8243; css=\u00bb.vc_custom_1613033700433{margin-bottom: 0px !important;border-top-width: 20px !important;border-right-width: 20px !important;border-bottom-width: 20px !important;border-left-width: 20px !important;padding-top: 0px !important;padding-right: 0px !important;padding-bottom: 5px !important;padding-left: 0px !important;background-color: #b13230 !important;border-left-color: #b13230 !important;border-left-style: solid !important;border-right-color: #b13230 !important;border-right-style: solid !important;border-top-color: #b13230 !important;border-top-style: solid !important;border-bottom-color: #b13230 !important;border-bottom-style: solid !important;}\u00bb][vc_single_image image=\u00bb2948&#8243; img_size=\u00bbfull\u00bb alignment=\u00bbcenter\u00bb el_class=\u00bbzoom\u00bb css=\u00bb.vc_custom_1612783669329{margin-bottom: 0px !important;}\u00bb][vc_column_text css=\u00bb.vc_custom_1613042131554{margin-top: 0px !important;margin-bottom: 0px !important;margin-left: 0px !important;padding-top: 35px !important;padding-bottom: -15px !important;padding-left: 38px !important;background-color: #b13230 !important;}\u00bb el_class=\u00bblandingservicios\u00bb]<\/p>\n<div style=\"height: 50px;\">\n<p style=\"color: #ffffff; font-size: 22px; display: inline; text-align: center;\"><a href=\"https:\/\/www.metalurgicamarina.com\/departamento-de-idi\/\"><strong>Departamento de I+D+i<\/strong><\/a><\/p>\n<\/div>\n<p>[\/vc_column_text][vc_column_text css=\u00bb.vc_custom_1615465801586{margin-top: 0px !important;margin-bottom: -10px !important;padding-top: -10px !important;padding-bottom: 5px !important;background-color: #b13230 !important;}\u00bb]<\/p>\n<p style=\"color: #ffffff; line-height: 1.4em;\">Desarrollamos <strong>proyectos de investigaci\u00f3n<\/strong> en torno a tecnolog\u00edas y tem\u00e1ticas punteras. En Metal\u00fargica Marina buscamos la innovaci\u00f3n constante.<br \/>\nDesarrollamos soluciones a medida de nuestros clientes.<\/p>\n<p>[\/vc_column_text][\/vc_column][vc_column css_animation=\u00bbfadeInUp\u00bb width=\u00bb1\/3&#8243; css=\u00bb.vc_custom_1613033625128{margin-bottom: 0px !important;border-top-width: 20px !important;border-right-width: 20px !important;border-bottom-width: 20px !important;border-left-width: 20px !important;padding-top: 0px !important;padding-right: 0px !important;padding-bottom: 15px !important;padding-left: 0px !important;background-color: #b13230 !important;border-left-color: #b13230 !important;border-left-style: solid !important;border-right-color: #b13230 !important;border-right-style: solid !important;border-top-color: #b13230 !important;border-top-style: solid !important;border-bottom-color: #b13230 !important;border-bottom-style: solid !important;}\u00bb][vc_single_image image=\u00bb2950&#8243; img_size=\u00bbfull\u00bb alignment=\u00bbcenter\u00bb el_class=\u00bbzoom\u00bb css=\u00bb.vc_custom_1612783684684{margin-bottom: 0px !important;}\u00bb][vc_column_text css=\u00bb.vc_custom_1613042143112{margin-top: 0px !important;margin-bottom: 0px !important;margin-left: 0px !important;padding-top: 35px !important;padding-bottom: -15px !important;padding-left: 40px !important;background-color: #b13230 !important;}\u00bb el_class=\u00bblandingservicios\u00bb]<\/p>\n<div style=\"height: 50px;\">\n<p style=\"color: #ffffff; font-size: 22px; display: inline; text-align: center;\"><a href=\"https:\/\/www.metalurgicamarina.com\/metrologia-y-verificacion\/\"><strong>Metrolog\u00eda y verificaci\u00f3n<\/strong><\/a><\/p>\n<\/div>\n<p>[\/vc_column_text][vc_column_text css=\u00bb.vc_custom_1613033179888{margin-top: 0px !important;margin-bottom: -10px !important;padding-top: -10px !important;padding-bottom: 14px !important;background-color: #b13230 !important;}\u00bb]<\/p>\n<p style=\"color: #ffffff; line-height: 1.4em;\">Contamos con un laboratorio de metrolog\u00eda que abastece tanto la <strong>producci\u00f3n interna<\/strong> como el <strong>servicio adicional de verificaci\u00f3n<\/strong>.<br \/>\nRealizamos trabajos de ingenier\u00eda inversa a partir de piezas deterioradas.<\/p>\n<p>[\/vc_column_text][\/vc_column][\/vc_row][vc_row full_width=\u00bbstretch_row\u00bb css=\u00bb.vc_custom_1612962079307{margin-top: 50px !important;padding-bottom: 70px !important;background: #ededed url(https:\/\/www.metalurgicamarina.com\/wp-content\/uploads\/2020\/11\/fondo-unidades7.png?id=1201) !important;background-position: center !important;background-repeat: no-repeat !important;background-size: cover !important;}\u00bb el_class=\u00bbunidades\u00bb][vc_column css=\u00bb.vc_custom_1612962162278{margin-top: -40px !important;}\u00bb][vc_column_text css_animation=\u00bbfadeInLeft\u00bb css=\u00bb.vc_custom_1613033199810{margin-top: 30px !important;margin-left: 0px !important;border-left-width: 6px !important;padding-top: 15px !important;padding-bottom: 1px !important;padding-left: 28px !important;border-left-color: #b13230 !important;border-left-style: solid !important;}\u00bb el_id=\u00bbh2&#8243;]<\/p>\n<p style=\"color: #000; text-align: left; font-weight: bold; font-size: 2.5em;\">\u00c1reas de <span style=\"color: #b13230; font-style: oblique; font-weight: 400;\">actividad<\/span><\/p>\n<p>[\/vc_column_text][vc_row_inner gap=\u00bb10&#8243; css=\u00bb.vc_custom_1612790566644{margin-top: 10px !important;}\u00bb][vc_column_inner width=\u00bb1\/3&#8243;][vc_single_image image=\u00bb1838&#8243; img_size=\u00bb315&#215;241&#8243; css_animation=\u00bbfadeInLeft\u00bb][\/vc_column_inner][vc_column_inner width=\u00bb2\/3&#8243;][vc_column_text css_animation=\u00bbfadeInRight\u00bb]<\/p>\n<h2 style=\"color: #000; line-height: 1.45em; font-size: 30px;\">Mecanizados <span style=\"color: #b13230; font-style: oblique; font-weight: 400;\">industriales<\/span><\/h2>\n<p>[\/vc_column_text][vc_column_text css_animation=\u00bbfadeInRight\u00bb css=\u00bb.vc_custom_1612791250108{margin-top: 0px !important;}\u00bb]<\/p>\n<p style=\"color: #000; font-size: 16px; line-height: 1.4em;\">Somos expertos en <strong>mecanizado de alta precisi\u00f3n<\/strong>. Nos apoyamos en nuestros departamentos de ingenier\u00eda, I+D+i y metrolog\u00eda para dar un servicio completo acorde a las necesidades de cada proyecto.<\/p>\n<p>[\/vc_column_text][vc_btn title=\u00bbM\u00e1s informaci\u00f3n\u00bb style=\u00bbcustom\u00bb custom_background=\u00bb#b13230&#8243; custom_text=\u00bb#ffffff\u00bb shape=\u00bbsquare\u00bb align=\u00bbleft\u00bb i_icon_fontawesome=\u00bbfas fa-chevron-right\u00bb css_animation=\u00bbfadeInRight\u00bb add_icon=\u00bbtrue\u00bb link=\u00bburl:https%3A%2F%2Fwww.metalurgicamarina.com%2Fmecanizados%2F\u00bb css=\u00bb.vc_custom_1612791260069{margin-top: 8px !important;}\u00bb][\/vc_column_inner][\/vc_row_inner][vc_row_inner gap=\u00bb10&#8243; css=\u00bb.vc_custom_1612791615648{margin-top: 30px !important;}\u00bb][vc_column_inner width=\u00bb1\/3&#8243;][vc_single_image image=\u00bb1842&#8243; img_size=\u00bb315&#215;241&#8243; css_animation=\u00bbfadeInLeft\u00bb][\/vc_column_inner][vc_column_inner width=\u00bb2\/3&#8243;][vc_column_text css_animation=\u00bbfadeInRight\u00bb]<\/p>\n<h2 style=\"color: #000; line-height: 1.45em; font-size: 30px;\">Montajes y <span style=\"color: #b13230; font-style: oblique; font-weight: 400;\">ajustes<\/span><\/h2>\n<p>[\/vc_column_text][vc_column_text css_animation=\u00bbfadeInRight\u00bb css=\u00bb.vc_custom_1615465813482{margin-top: 0px !important;}\u00bb]<\/p>\n<p style=\"color: #000; font-size: 16px; line-height: 1.4em;\">No solo desarrollamos trabajos, sino que tambi\u00e9n realizamos <strong>montajes, ajustes<\/strong> y <strong>reparaciones<\/strong> de los mismos. Cuando sea necesario nos desplazamos a las instalaciones del cliente para realizar mantenimiento y reparaciones insitu.<\/p>\n<p>[\/vc_column_text][vc_btn title=\u00bbM\u00e1s informaci\u00f3n\u00bb style=\u00bbcustom\u00bb custom_background=\u00bb#b13230&#8243; custom_text=\u00bb#ffffff\u00bb shape=\u00bbsquare\u00bb align=\u00bbleft\u00bb i_icon_fontawesome=\u00bbfas fa-chevron-right\u00bb css_animation=\u00bbfadeInRight\u00bb add_icon=\u00bbtrue\u00bb link=\u00bburl:https%3A%2F%2Fwww.metalurgicamarina.com%2Fmontajes-y-ajustes%2F\u00bb css=\u00bb.vc_custom_1612791560798{margin-top: 8px !important;}\u00bb][\/vc_column_inner][\/vc_row_inner][vc_row_inner gap=\u00bb10&#8243; css=\u00bb.vc_custom_1612791615648{margin-top: 30px !important;}\u00bb][vc_column_inner width=\u00bb1\/3&#8243;][vc_single_image image=\u00bb1844&#8243; img_size=\u00bb315&#215;241&#8243; css_animation=\u00bbfadeInLeft\u00bb][\/vc_column_inner][vc_column_inner width=\u00bb2\/3&#8243;][vc_column_text css_animation=\u00bbfadeInRight\u00bb]<\/p>\n<h2 style=\"color: #000; line-height: 1.45em; font-size: 30px;\">Calderer\u00eda y <span style=\"color: #b13230; font-style: oblique; font-weight: 400;\">soldadura<\/span><\/h2>\n<p>[\/vc_column_text][vc_column_text css_animation=\u00bbfadeInRight\u00bb css=\u00bb.vc_custom_1613033677863{margin-top: 0px !important;}\u00bb]<\/p>\n<p style=\"color: #000; font-size: 16px; line-height: 1.4em;\">Realizamos fabricaciones de calderer\u00eda y soldadura en un pabell\u00f3n independiente, dispuesto de todos los medios necesarios. Nuestros soldadores homologados trabajan <strong>todo tipo de materiales y aleaciones<\/strong>, adem\u00e1s de la realizaci\u00f3n de ensayos de verificaci\u00f3n pertinentes.<\/p>\n<p>[\/vc_column_text][vc_btn title=\u00bbM\u00e1s informaci\u00f3n\u00bb style=\u00bbcustom\u00bb custom_background=\u00bb#b13230&#8243; custom_text=\u00bb#ffffff\u00bb shape=\u00bbsquare\u00bb align=\u00bbleft\u00bb i_icon_fontawesome=\u00bbfas fa-chevron-right\u00bb css_animation=\u00bbfadeInRight\u00bb add_icon=\u00bbtrue\u00bb link=\u00bburl:https%3A%2F%2Fwww.metalurgicamarina.com%2Fcaldereria-y-soldadura%2F\u00bb css=\u00bb.vc_custom_1612795352920{margin-top: 8px !important;}\u00bb][\/vc_column_inner][\/vc_row_inner][\/vc_column][\/vc_row]<\/p>\n","protected":false},"excerpt":{"rendered":"<p>[vc_row full_width=\u00bbstretch_row\u00bb css=\u00bb.vc_custom_1613032740813{padding-top: 180px !important;padding-bottom: 70px !important;background-image: url(https:\/\/www.metalurgicamarina.com\/wp-content\/uploads\/2021\/02\/servicios-industriales_65-90.jpg?id=3122) !important;background-position: center !important;background-repeat: no-repeat !important;background-size: cover !important;}\u00bb el_class=\u00bbnuevacabecera\u00bb][vc_column][vc_column_text css=\u00bb.vc_custom_1612959312378{margin-top: 120px !important;margin-bottom: 35px !important;}\u00bb] Servicios y \u00e1reas de actividad [\/vc_column_text][vc_separator color=\u00bbcustom\u00bb border_width=\u00bb5&#8243; el_width=\u00bb10&#8243; css_animation=\u00bbfadeInUp\u00bb accent_color=\u00bb#ffffff\u00bb css=\u00bb.vc_custom_1612779961646{margin-top: 25px !important;margin-bottom: 150px !important;}\u00bb][\/vc_column][\/vc_row][vc_row full_width=\u00bbstretch_row\u00bb css=\u00bb.vc_custom_1612785122178{margin-bottom: 50px !important;padding-bottom: 115px !important;}\u00bb el_id=\u00bbcurvaroja\u00bb][vc_column css=\u00bb.vc_custom_1612780726665{margin-top: 120px !important;}\u00bb][vc_column_text css=\u00bb.vc_custom_1612786025463{margin-top: 100px !important;}\u00bb] Oficina t\u00e9cnica [\/vc_column_text][\/vc_column][\/vc_row][vc_row full_width=\u00bbstretch_row\u00bb gap=\u00bb20&#8243; [&hellip;]<\/p>\n","protected":false},"author":2,"featured_media":0,"parent":0,"menu_order":0,"comment_status":"closed","ping_status":"closed","template":"","meta":{"footnotes":""},"class_list":["post-2924","page","type-page","status-publish","hentry"],"yoast_head":"<!-- This site is optimized with the Yoast SEO plugin v24.9 - https:\/\/yoast.com\/wordpress\/plugins\/seo\/ -->\n<title>Servicios para proyectos industriales | Desarrollo de proyectos integrales<\/title>\n<meta name=\"robots\" content=\"index, follow, max-snippet:-1, max-image-preview:large, max-video-preview:-1\" \/>\n<link rel=\"canonical\" href=\"https:\/\/www.metalurgicamarina.com\/?page_id=2924\" \/>\n<meta property=\"og:locale\" content=\"es_ES\" \/>\n<meta property=\"og:type\" content=\"article\" \/>\n<meta property=\"og:title\" content=\"Servicios para proyectos industriales | Desarrollo de proyectos integrales\" \/>\n<meta property=\"og:description\" content=\"[vc_row full_width=\u00bbstretch_row\u00bb css=\u00bb.vc_custom_1613032740813{padding-top: 180px !important;padding-bottom: 70px !important;background-image: url(https:\/\/www.metalurgicamarina.com\/wp-content\/uploads\/2021\/02\/servicios-industriales_65-90.jpg?id=3122) !important;background-position: center !important;background-repeat: no-repeat !important;background-size: cover !important;}\u00bb el_class=\u00bbnuevacabecera\u00bb][vc_column][vc_column_text css=\u00bb.vc_custom_1612959312378{margin-top: 120px !important;margin-bottom: 35px !important;}\u00bb] Servicios y \u00e1reas de actividad [\/vc_column_text][vc_separator color=\u00bbcustom\u00bb border_width=\u00bb5&#8243; el_width=\u00bb10&#8243; css_animation=\u00bbfadeInUp\u00bb accent_color=\u00bb#ffffff\u00bb css=\u00bb.vc_custom_1612779961646{margin-top: 25px !important;margin-bottom: 150px !important;}\u00bb][\/vc_column][\/vc_row][vc_row full_width=\u00bbstretch_row\u00bb css=\u00bb.vc_custom_1612785122178{margin-bottom: 50px !important;padding-bottom: 115px !important;}\u00bb el_id=\u00bbcurvaroja\u00bb][vc_column css=\u00bb.vc_custom_1612780726665{margin-top: 120px !important;}\u00bb][vc_column_text css=\u00bb.vc_custom_1612786025463{margin-top: 100px !important;}\u00bb] Oficina t\u00e9cnica [\/vc_column_text][\/vc_column][\/vc_row][vc_row full_width=\u00bbstretch_row\u00bb gap=\u00bb20&#8243; [&hellip;]\" \/>\n<meta property=\"og:url\" content=\"https:\/\/www.metalurgicamarina.com\/?page_id=2924\" \/>\n<meta property=\"og:site_name\" content=\"Metal\u00fargica MARINA\" \/>\n<meta property=\"article:publisher\" content=\"https:\/\/www.facebook.com\/pages\/Metalurgica%20Marina\/459882470886781\/\" \/>\n<meta property=\"article:modified_time\" content=\"2021-04-07T14:12:05+00:00\" \/>\n<meta name=\"twitter:card\" content=\"summary_large_image\" \/>\n<meta name=\"twitter:label1\" content=\"Tiempo de lectura\" \/>\n\t<meta name=\"twitter:data1\" content=\"3 minutos\" \/>\n<script type=\"application\/ld+json\" class=\"yoast-schema-graph\">{\"@context\":\"https:\/\/schema.org\",\"@graph\":[{\"@type\":\"WebPage\",\"@id\":\"https:\/\/www.metalurgicamarina.com\/?page_id=2924\",\"url\":\"https:\/\/www.metalurgicamarina.com\/?page_id=2924\",\"name\":\"Servicios para proyectos industriales | Desarrollo de proyectos integrales\",\"isPartOf\":{\"@id\":\"https:\/\/www.metalurgicamarina.com\/#website\"},\"datePublished\":\"2021-02-08T10:13:04+00:00\",\"dateModified\":\"2021-04-07T14:12:05+00:00\",\"breadcrumb\":{\"@id\":\"https:\/\/www.metalurgicamarina.com\/?page_id=2924#breadcrumb\"},\"inLanguage\":\"es\",\"potentialAction\":[{\"@type\":\"ReadAction\",\"target\":[\"https:\/\/www.metalurgicamarina.com\/?page_id=2924\"]}]},{\"@type\":\"BreadcrumbList\",\"@id\":\"https:\/\/www.metalurgicamarina.com\/?page_id=2924#breadcrumb\",\"itemListElement\":[{\"@type\":\"ListItem\",\"position\":1,\"name\":\"Portada\",\"item\":\"https:\/\/www.metalurgicamarina.com\/\"},{\"@type\":\"ListItem\",\"position\":2,\"name\":\"Servicios\"}]},{\"@type\":\"WebSite\",\"@id\":\"https:\/\/www.metalurgicamarina.com\/#website\",\"url\":\"https:\/\/www.metalurgicamarina.com\/\",\"name\":\"Metal\u00fargica MARINA\",\"description\":\"Desarrollo de proyectos integrales\",\"potentialAction\":[{\"@type\":\"SearchAction\",\"target\":{\"@type\":\"EntryPoint\",\"urlTemplate\":\"https:\/\/www.metalurgicamarina.com\/?s={search_term_string}\"},\"query-input\":{\"@type\":\"PropertyValueSpecification\",\"valueRequired\":true,\"valueName\":\"search_term_string\"}}],\"inLanguage\":\"es\"}]}<\/script>\n<!-- \/ Yoast SEO plugin. -->","yoast_head_json":{"title":"Servicios para proyectos industriales | Desarrollo de proyectos integrales","robots":{"index":"index","follow":"follow","max-snippet":"max-snippet:-1","max-image-preview":"max-image-preview:large","max-video-preview":"max-video-preview:-1"},"canonical":"https:\/\/www.metalurgicamarina.com\/?page_id=2924","og_locale":"es_ES","og_type":"article","og_title":"Servicios para proyectos industriales | Desarrollo de proyectos integrales","og_description":"[vc_row full_width=\u00bbstretch_row\u00bb css=\u00bb.vc_custom_1613032740813{padding-top: 180px !important;padding-bottom: 70px !important;background-image: url(https:\/\/www.metalurgicamarina.com\/wp-content\/uploads\/2021\/02\/servicios-industriales_65-90.jpg?id=3122) !important;background-position: center !important;background-repeat: no-repeat !important;background-size: cover !important;}\u00bb el_class=\u00bbnuevacabecera\u00bb][vc_column][vc_column_text css=\u00bb.vc_custom_1612959312378{margin-top: 120px !important;margin-bottom: 35px !important;}\u00bb] Servicios y \u00e1reas de actividad [\/vc_column_text][vc_separator color=\u00bbcustom\u00bb border_width=\u00bb5&#8243; el_width=\u00bb10&#8243; css_animation=\u00bbfadeInUp\u00bb accent_color=\u00bb#ffffff\u00bb css=\u00bb.vc_custom_1612779961646{margin-top: 25px !important;margin-bottom: 150px !important;}\u00bb][\/vc_column][\/vc_row][vc_row full_width=\u00bbstretch_row\u00bb css=\u00bb.vc_custom_1612785122178{margin-bottom: 50px !important;padding-bottom: 115px !important;}\u00bb el_id=\u00bbcurvaroja\u00bb][vc_column css=\u00bb.vc_custom_1612780726665{margin-top: 120px !important;}\u00bb][vc_column_text css=\u00bb.vc_custom_1612786025463{margin-top: 100px !important;}\u00bb] Oficina t\u00e9cnica [\/vc_column_text][\/vc_column][\/vc_row][vc_row full_width=\u00bbstretch_row\u00bb gap=\u00bb20&#8243; [&hellip;]","og_url":"https:\/\/www.metalurgicamarina.com\/?page_id=2924","og_site_name":"Metal\u00fargica MARINA","article_publisher":"https:\/\/www.facebook.com\/pages\/Metalurgica%20Marina\/459882470886781\/","article_modified_time":"2021-04-07T14:12:05+00:00","twitter_card":"summary_large_image","twitter_misc":{"Tiempo de lectura":"3 minutos"},"schema":{"@context":"https:\/\/schema.org","@graph":[{"@type":"WebPage","@id":"https:\/\/www.metalurgicamarina.com\/?page_id=2924","url":"https:\/\/www.metalurgicamarina.com\/?page_id=2924","name":"Servicios para proyectos industriales | Desarrollo de proyectos integrales","isPartOf":{"@id":"https:\/\/www.metalurgicamarina.com\/#website"},"datePublished":"2021-02-08T10:13:04+00:00","dateModified":"2021-04-07T14:12:05+00:00","breadcrumb":{"@id":"https:\/\/www.metalurgicamarina.com\/?page_id=2924#breadcrumb"},"inLanguage":"es","potentialAction":[{"@type":"ReadAction","target":["https:\/\/www.metalurgicamarina.com\/?page_id=2924"]}]},{"@type":"BreadcrumbList","@id":"https:\/\/www.metalurgicamarina.com\/?page_id=2924#breadcrumb","itemListElement":[{"@type":"ListItem","position":1,"name":"Portada","item":"https:\/\/www.metalurgicamarina.com\/"},{"@type":"ListItem","position":2,"name":"Servicios"}]},{"@type":"WebSite","@id":"https:\/\/www.metalurgicamarina.com\/#website","url":"https:\/\/www.metalurgicamarina.com\/","name":"Metal\u00fargica MARINA","description":"Desarrollo de proyectos integrales","potentialAction":[{"@type":"SearchAction","target":{"@type":"EntryPoint","urlTemplate":"https:\/\/www.metalurgicamarina.com\/?s={search_term_string}"},"query-input":{"@type":"PropertyValueSpecification","valueRequired":true,"valueName":"search_term_string"}}],"inLanguage":"es"}]}},"_links":{"self":[{"href":"https:\/\/www.metalurgicamarina.com\/index.php?rest_route=\/wp\/v2\/pages\/2924","targetHints":{"allow":["GET"]}}],"collection":[{"href":"https:\/\/www.metalurgicamarina.com\/index.php?rest_route=\/wp\/v2\/pages"}],"about":[{"href":"https:\/\/www.metalurgicamarina.com\/index.php?rest_route=\/wp\/v2\/types\/page"}],"author":[{"embeddable":true,"href":"https:\/\/www.metalurgicamarina.com\/index.php?rest_route=\/wp\/v2\/users\/2"}],"replies":[{"embeddable":true,"href":"https:\/\/www.metalurgicamarina.com\/index.php?rest_route=%2Fwp%2Fv2%2Fcomments&post=2924"}],"version-history":[{"count":152,"href":"https:\/\/www.metalurgicamarina.com\/index.php?rest_route=\/wp\/v2\/pages\/2924\/revisions"}],"predecessor-version":[{"id":3985,"href":"https:\/\/www.metalurgicamarina.com\/index.php?rest_route=\/wp\/v2\/pages\/2924\/revisions\/3985"}],"wp:attachment":[{"href":"https:\/\/www.metalurgicamarina.com\/index.php?rest_route=%2Fwp%2Fv2%2Fmedia&parent=2924"}],"curies":[{"name":"wp","href":"https:\/\/api.w.org\/{rel}","templated":true}]}}